{"id":1060,"date":"2019-02-21T14:44:45","date_gmt":"2019-02-21T14:44:45","guid":{"rendered":"http:\/\/wp.optymalnie.com.pl\/wordpress\/?page_id=1060"},"modified":"2024-04-17T12:06:49","modified_gmt":"2024-04-17T12:06:49","slug":"klauzula-informacyjna","status":"publish","type":"page","link":"http:\/\/wp.optymalnie.com.pl\/wordpress\/klauzula-informacyjna\/","title":{"rendered":"Klauzula Informacyjna"},"content":{"rendered":"[vc_row][vc_column][vc_column_text]<p><\/p>\n<p><strong>KLAUZULA INFORMACYJNA ADMINISTRATORA DANYCH OSOBOWYCH<\/strong><\/p>\n<p>(do cel\u00f3w zwi\u0105zanych z przygotowaniem i przedstawieniem oferty lub kalkulacji)<\/p>\n<p>&nbsp;<\/p>\n<p>Zgodnie z art. 13 ust. 1-2 i art. 14 ust. 1-2 rozporz\u0105dzenia Parlamentu Europejskiego i Rady (UE) 2016\/679 z 27.04.2016 r. w sprawie ochrony os\u00f3b fizycznych w zwi\u0105zku z przetwarzaniem danych osobowych i w sprawie swobodnego przep\u0142ywu takich danych oraz uchylenia dyrektywy 95\/46\/WE (og\u00f3lne rozporz\u0105dzenie o ochronie danych) (Dz.Urz. UE L 119, s. 1) &#8211; dalej RODO &#8211; informujemy, \u017ce:<\/p>\n<p>&nbsp;<\/p>\n<p><strong>Administrator danych osobowych <\/strong><\/p>\n<p>My, Agencja Optima Ubezpieczenia i Turystyka Katarzyna \u0141awecka z siedzib\u0105 w Brwinowie (kod pocztowy 05-840) przy ul. Powsta\u0144c\u00f3w Warszawy 3; adres e-mail <a href=\"mailto:biuro@optymalnie.com.pl\">biuro@optymalnie.com.pl<\/a> <strong>tel. <\/strong>22\u00a0728 03 13 jeste\u015bmy Administratorem Twoich danych osobowych.<\/p>\n<p>&nbsp;<\/p>\n<p><strong>Cele i podstawy przetwarzania danych osobowych <\/strong><\/p>\n<p>B\u0119dziemy przetwarza\u0107 Twoje\/Wasze dane osobowe w celu:<\/p>\n<ul>\n<li>przygotowania i przedstawienia oferty lub kalkulacji ubezpieczeniowej, gdy\u017c ich przetwarzanie jest niezb\u0119dne do przygotowania i przedstawienia oferty lub kalkulacji ubezpieczeniowej, tj. do podj\u0119cia dzia\u0142a\u0144, na \u017c\u0105danie osoby, kt\u00f3rej dane dotycz\u0105, przed zawarciem umowy (art. 6 ust. 1 lit. b RODO); gdy\u017c ich przetwarzanie jest niezb\u0119dne do cel\u00f3w wynikaj\u0105cych z prawnie uzasadnionego interesu realizowanego przez administratora, jakim jest mo\u017cliwo\u015b\u0107 przygotowania i przedstawienia oferty lub kalkulacji ubezpieczeniowej na \u017c\u0105danie osoby, kt\u00f3rej dane nie dotycz\u0105, przed zawarciem umowy ubezpieczenia, tj. w odniesieniu do danych os\u00f3b, kt\u00f3re nie b\u0119d\u0105 stron\u0105 tej umowy (art. 6 ust. 1 lit. f RODO),<\/li>\n<li>okre\u015blenia Twoich\/Waszych wymaga\u0144 i potrzeb przed zawarciem umowy ubezpieczenia, gdy\u017c ich przetwarzanie jest niezb\u0119dne do wype\u0142nienia obowi\u0105zku prawnego ci\u0105\u017c\u0105cego na administratorze (art. 6 ust. 1 lit. c RODO), jakim jest obowi\u0105zek wynikaj\u0105cy z art. 8 ust. 1 i ust. 3 ustawy z dnia 15 grudnia 2017 r. o dystrybucji ubezpiecze\u0144, a tak\u017ce w celach analitycznych w tym profilowania w zwi\u0105zku z realizacj\u0105 tego obowi\u0105zku, gdy\u017c ich przetwarzanie jest niezb\u0119dne do cel\u00f3w wynikaj\u0105cych z prawnie uzasadnionego interesu realizowanego przez administratora jakim jest zapewnienie mo\u017cliwo\u015bci zaproponowania Tobie\/Wam produktu ubezpieczeniowego najbardziej odpowiedniego do Twoich\/Waszych wymaga\u0144 i potrzeb (art. 6 ust. 1 lit. f RODO),<\/li>\n<li>wype\u0142nienia obowi\u0105zk\u00f3w wynikaj\u0105cych z ustawy z dnia 1 marca 2018 r. o przeciwdzia\u0142aniu praniu pieni\u0119dzy oraz finansowaniu terroryzmu, gdy\u017c ich przetwarzanie jest niezb\u0119dne do wype\u0142nienia obowi\u0105zku prawnego ci\u0105\u017c\u0105cego na administratorze (art. 6 ust. 1 lit. c, art. 9 ust. 2 lit. e RODO) &#8211; dotyczy ubezpiecze\u0144 wymienionych w dziale I za\u0142\u0105cznika do ustawy z dnia 11 wrze\u015bnia 2015 r. o dzia\u0142alno\u015bci ubezpieczeniowej i reasekuracyjnej &#8211; ubezpieczenia na \u017cycie,<\/li>\n<li>wype\u0142nienie obowi\u0105zk\u00f3w zwi\u0105zanych z wykonywaniem ustanowionych \u015brodk\u00f3w ograniczaj\u0105cych (przepisy sankcyjne), gdy\u017c ich przetwarzanie jest niezb\u0119dne do wype\u0142nienia obowi\u0105zku prawnego ci\u0105\u017c\u0105cego na administratorze (art. 6 ust. 1 lit. c RODO),<\/li>\n<li>rozpatrzenia ewentualnie zg\u0142oszonej reklamacji, gdy\u017c ich przetwarzanie jest niezb\u0119dne do wype\u0142nienia obowi\u0105zku prawnego ci\u0105\u017c\u0105cego na administratorze (art. 6 ust. 1 lit. c RODO), jakim jest obowi\u0105zek wynikaj\u0105cy z art. 16 ust. 2 ustawy z dnia 15 grudnia 2017 r. o dystrybucji ubezpiecze\u0144 oraz z art. 5 ust. 1 w zw. z art. 2 pkt 3 lit. l ustawy z dnia 5 sierpnia 2015 r. o rozpatrywaniu reklamacji przez podmioty rynku finansowego, o Rzeczniku Finansowym i o Funduszu Edukacji Finansowej,<\/li>\n<li>wype\u0142nienia obowi\u0105zk\u00f3w wynikaj\u0105cych z ustawy o rachunkowo\u015bci, gdy\u017c ich przetwarzanie jest niezb\u0119dne do wype\u0142nienia obowi\u0105zku prawnego ci\u0105\u017c\u0105cego na administratorze (art. 6 ust. 1 lit. c RODO),<\/li>\n<li>ewentualnego ustalenia, dochodzenia lub obrony przed roszczeniami, gdy\u017c ich przetwarzanie jest niezb\u0119dne do cel\u00f3w wynikaj\u0105cych z prawnie uzasadnionego interesu realizowanego przez administratora jakimi jest zapewnienie mo\u017cliwo\u015bci ustalenia, dochodzenia lub obrony przed roszczeniami, w tym w zwi\u0105zku z ewentualnym nagrywaniem rozm\u00f3w (art. 6 ust. 1 lit. f RODO),<\/li>\n<li>przedstawienia oferty marketingowej produkt\u00f3w ubezpieczeniowych zak\u0142ad\u00f3w ubezpiecze\u0144 wsp\u00f3\u0142pracuj\u0105cych z Agencj\u0105 Optima Ubezpieczenia i Turystyka Katarzyna \u0141awecka na podstawie udzielonej przez Ciebie zgody (art. 6 ust. 1 lit. a RODO).<\/li>\n<\/ul>\n<p><strong>Okres przechowywania danych <\/strong><\/p>\n<p>Twoje\/Wasze dane osobowe b\u0119dziemy przechowywa\u0107 wy\u0142\u0105cznie przez czas niezb\u0119dny do osi\u0105gni\u0119cia cel\u00f3w, dla kt\u00f3rych dane te s\u0105 gromadzone nie d\u0142u\u017cej jednak ni\u017c do momentu przedawnienia roszcze\u0144 lub do momentu wyga\u015bni\u0119cia obowi\u0105zku przechowywania danych wynikaj\u0105cego z przepis\u00f3w prawa w zale\u017cno\u015bci od tego, kt\u00f3ry z tych termin\u00f3w up\u0142ywa p\u00f3\u017aniej. Dane osobowe przetwarzane na podstawie art. 6 ust. 1 lit f RODO b\u0119dziemy przechowywa\u0107 do momentu wniesienia sprzeciwu, chyba \u017ce zaistniej\u0105 przes\u0142anki okre\u015blone w art. 21 ust.1 RODO do ich dalszego przetwarzania, a je\u015bli udzielono zgody na ich przetwarzanie &#8211; do momentu jej wycofania (art. 7 pkt 3 RODO).<\/p>\n<p>&nbsp;<\/p>\n<p><strong>Prawa os\u00f3b, kt\u00f3rych dane dotycz\u0105 <\/strong><\/p>\n<p>Zgodnie z RODO, przys\u0142uguje Tobie\/Wam:<\/p>\n<p>&#x25aa; prawo dost\u0119pu do swoich danych oraz otrzymania ich kopii,<\/p>\n<p>&#x25aa; prawo do sprostowania (poprawiania) swoich danych,<\/p>\n<p>&#x25aa; prawo do usuni\u0119cia danych, ograniczenia przetwarzania danych,<\/p>\n<p>&#x25aa; prawo do przenoszenia danych,<\/p>\n<p>&#x25aa; prawo do wniesienia skargi do organu nadzorczego,<\/p>\n<p>&#x25aa; prawo do wniesienia sprzeciwu,<\/p>\n<p>&#x25aa; prawo do cofni\u0119cia zgody w dowolnym momencie bez wp\u0142ywu na zgodno\u015b\u0107 z prawem przetwarzania, kt\u00f3rego dokonano na podstawie zgody przed jej cofni\u0119ciem, o ile zgody udzielono.<\/p>\n<p>&nbsp;<\/p>\n<p><strong>Informacja o wymogu podania danych <\/strong><\/p>\n<p>Podanie danych osobowych jest niezb\u0119dnym warunkiem do podj\u0119cia dzia\u0142a\u0144 przed zawarciem umowy ubezpieczenia i wype\u0142nienia obowi\u0105zk\u00f3w prawnych ci\u0105\u017c\u0105cych na administratorze zwi\u0105zanych z ich podejmowaniem. Bez podania tych danych osobowych nie jest mo\u017cliwe zawarcie umowy ubezpieczenia. Podanie danych osobowych w celu marketingowym na podstawie art. 6 ust. 1 lit. a RODO ma charakter dobrowolny.<\/p>\n<p>&nbsp;<\/p>\n<p><strong>Odbiorcy danych <\/strong><\/p>\n<p>Informujemy, i\u017c do Twoje\/Wasze dane osobowe mog\u0105 by\u0107 udost\u0119pnione:<\/p>\n<ul>\n<li>podmiotom przetwarzaj\u0105cym te dane w naszym imieniu w rozumieniu art. 28 RODO, przy czym podmioty takie zobowi\u0105zane s\u0105 przetwarza\u0107 dane osobowe na podstawie umowy zawartej z administratorem i wy\u0142\u0105cznie zgodnie z jego poleceniami (GRZ\u0104DKOWSKI DARIUSZ M6 SOFT PLUS z siedzib\u0105 w Opolu (45-221) przy ul. Chabr\u00f3w 35\/1, NIP: 7542736617, REGON: 160076950, adres e-mail: info@m6.pl)<\/li>\n<li>podmiotom i organom upowa\u017cnionym do przetwarzania tych danych na podstawie przepis\u00f3w prawa,<\/li>\n<li>zak\u0142adom ubezpiecze\u0144 wsp\u00f3\u0142pracuj\u0105cym z Agencj\u0105 Optima Ubezpieczenia i Turystyka Katarzyna \u0141awecka<\/li>\n<\/ul>\n<p>&nbsp;<\/p>\n<p><strong>\u0179r\u00f3d\u0142o pochodzenia danych i kategorie odno\u015bnych danych osobowych <\/strong><\/p>\n<ul>\n<li>Agencja Optima Ubezpieczenia i Turystyka Katarzyna \u0141awecka uzyska\u0142a Twoje dane osobowe (konieczne do realizacji cel\u00f3w, do kt\u00f3rych s\u0105 wymagane) od potencjalnego Ubezpieczaj\u0105cego w zwi\u0105zku ze z\u0142o\u017conym przez niego wnioskiem o przygotowanie i przedstawienie oferty ubezpieczenia lub kalkulacji ubezpieczeniowej w celu zawarcia umowy.<strong>1 <\/strong><\/li>\n<li><strong>1 <\/strong>Informacja o \u017ar\u00f3dle pochodzenia danych i kategorii odno\u015bnych danych osobowych wraz z pozosta\u0142ymi informacjami zawartymi w tej klauzuli informacyjnej przeznaczona jest dla potencjalnego Ubezpieczonego, potencjalnego Uposa\u017conego w sytuacji, gdy nie jest on potencjalnym Ubezpieczaj\u0105cym i nie bierze udzia\u0142u w procesie przygotowania i przedstawienia oferty ubezpieczenia lub kalkulacji ubezpieczeniowej w celu zawarcia umowy.<\/li>\n<\/ul>\n<p>&nbsp;<\/p>\n<p><strong>Zautomatyzowane podejmowanie decyzji <\/strong><\/p>\n<p>Informujemy, \u017ce w stosunku do Twoich\/Waszych danych osobowych, na etapie, na kt\u00f3rym jeste\u015bmy administratorem, nie b\u0119d\u0105 podejmowane zautomatyzowane decyzje, ale dane te, w tym m.in.: imi\u0119, nazwisko, adres, nr PESEL, dane szczeg\u00f3\u0142owe w zakresie wymaga\u0144 i potrzeb mog\u0105 by\u0107 profilowane w celach analitycznych oraz w celu zaproponowania produktu ubezpieczeniowego najbardziej odpowiedniego wg. tych kryteri\u00f3w.<\/p>\n<p><\/p>[\/vc_column_text][\/vc_column][\/vc_row]","protected":false},"excerpt":{"rendered":"<p>[vc_row][vc_column][vc_column_text] KLAUZULA INFORMACYJNA ADMINISTRATORA DANYCH OSOBOWYCH (do cel\u00f3w zwi\u0105zanych z przygotowaniem i przedstawieniem oferty lub kalkulacji) &nbsp; Zgodnie z art. 13 ust. 1-2 i art. 14 ust. 1-2 rozporz\u0105dzenia Parlamentu Europejskiego i Rady (UE) 2016\/679 z 27.04.2016 r. w sprawie ochrony os\u00f3b fizycznych w zwi\u0105zku z przetwarzaniem danych osobowych i w sprawie swobodnego przep\u0142ywu takich [&hellip;]<\/p>\n","protected":false},"author":5,"featured_media":0,"parent":0,"menu_order":0,"comment_status":"closed","ping_status":"closed","template":"","meta":{"footnotes":""},"_links":{"self":[{"href":"http:\/\/wp.optymalnie.com.pl\/wordpress\/wp-json\/wp\/v2\/pages\/1060"}],"collection":[{"href":"http:\/\/wp.optymalnie.com.pl\/wordpress\/wp-json\/wp\/v2\/pages"}],"about":[{"href":"http:\/\/wp.optymalnie.com.pl\/wordpress\/wp-json\/wp\/v2\/types\/page"}],"author":[{"embeddable":true,"href":"http:\/\/wp.optymalnie.com.pl\/wordpress\/wp-json\/wp\/v2\/users\/5"}],"replies":[{"embeddable":true,"href":"http:\/\/wp.optymalnie.com.pl\/wordpress\/wp-json\/wp\/v2\/comments?post=1060"}],"version-history":[{"count":3,"href":"http:\/\/wp.optymalnie.com.pl\/wordpress\/wp-json\/wp\/v2\/pages\/1060\/revisions"}],"predecessor-version":[{"id":1299,"href":"http:\/\/wp.optymalnie.com.pl\/wordpress\/wp-json\/wp\/v2\/pages\/1060\/revisions\/1299"}],"wp:attachment":[{"href":"http:\/\/wp.optymalnie.com.pl\/wordpress\/wp-json\/wp\/v2\/media?parent=1060"}],"curies":[{"name":"wp","href":"https:\/\/api.w.org\/{rel}","templated":true}]}}